{"id":3108,"date":"2024-05-09T05:26:01","date_gmt":"2024-05-09T05:26:01","guid":{"rendered":"https:\/\/sailo.wpolive.com\/?page_id=14"},"modified":"2026-04-28T20:56:29","modified_gmt":"2026-04-28T20:56:29","slug":"home","status":"publish","type":"page","link":"https:\/\/greengoldtech.com\/tr\/","title":{"rendered":"Ana Sayfa"},"content":{"rendered":"<div data-elementor-type=\"wp-page\" data-elementor-id=\"3108\" class=\"elementor elementor-3108\">\n\t\t\t\t<div class=\"elementor-element elementor-element-7d2c455 e-con-full e-flex e-con e-parent\" data-id=\"7d2c455\" data-element_type=\"container\" data-e-type=\"container\" data-settings=\"{&quot;background_background&quot;:&quot;classic&quot;}\">\n\t\t\t\t<div class=\"elementor-element elementor-element-b7b4e32 elementor-widget__width-inherit elementor-widget elementor-widget-wpo-sailo_hero\" data-id=\"b7b4e32\" data-element_type=\"widget\" data-e-type=\"widget\" data-widget_type=\"wpo-sailo_hero.default\">\n\t\t\t\t<div class=\"elementor-widget-container\">\n\t\t\t\t\t\t\t<div class=\"wpo-hero-section\">\n\t\t\t<div class=\"sailo-hero static-hero\">\n\t\t\t\t\t\t\t\t\t<div class=\"wraper\">\n\t\t\t\t\t\t<div class=\"content\">\n\t\t\t\t\t\t\t\t\t\t\t\t\t\t\t<h2> <\/h2>\n\t\t\t\t\t\t\t\t\t\t\t\t\t\t\t\t\t\t\t\t\t\t<h3>Green Gold Tech<\/h3>\n\t\t\t\t\t\t\t\t\t\t\t\t\t\t\t\t\t\t\t\t\t\t<p>Green Gold Tech aims to neutralize carbon emission all around the world<\/p>\t\t\t\t\t\t\t\n\t\t\t\t\t\t\t<div class=\"hero-btn\">\n\t\t\t\t\t\t\t\t<a href=\"https:\/\/greengoldtech.com\/tr\/contact\/\"   class=\"btn theme-btn\">\u0130leti\u015fim<\/a>\n\t\t\t\t\t\t\t\t\t\t\t\t\t\t\t<\/div>\n\t\t\t\t\t\t<\/div>\n\t\t\t\t\t<\/div>\n\t\t\t\t\t\t\t\t\t\t\t\t<\/div>\n\t\t\t\t\t<\/div>\n\n\t\t\t\t<\/div>\n\t\t\t\t<\/div>\n\t\t\t\t<\/div>\n\t\t<div class=\"elementor-element elementor-element-e33cc5b e-flex e-con-boxed e-con e-parent\" data-id=\"e33cc5b\" data-element_type=\"container\" data-e-type=\"container\">\n\t\t\t\t\t<div class=\"e-con-inner\">\n\t\t\t\t<div class=\"elementor-element elementor-element-4efc861 elementor-widget elementor-widget-wpo-sailo_about\" data-id=\"4efc861\" data-element_type=\"widget\" data-e-type=\"widget\" data-settings=\"{&quot;about_signature&quot;:{&quot;url&quot;:&quot;&quot;,&quot;id&quot;:&quot;&quot;,&quot;size&quot;:&quot;&quot;,&quot;alt&quot;:&quot;signeture&quot;,&quot;source&quot;:&quot;library&quot;},&quot;about_image&quot;:{&quot;url&quot;:&quot;https:\\\/\\\/greengoldtech.com\\\/wp-content\\\/uploads\\\/2026\\\/02\\\/GGT.png&quot;,&quot;id&quot;:3280,&quot;size&quot;:&quot;&quot;,&quot;alt&quot;:&quot;&quot;,&quot;source&quot;:&quot;library&quot;},&quot;about_image2&quot;:{&quot;url&quot;:&quot;&quot;,&quot;id&quot;:&quot;&quot;,&quot;size&quot;:&quot;&quot;,&quot;alt&quot;:&quot;&quot;,&quot;source&quot;:&quot;library&quot;}}\" data-widget_type=\"wpo-sailo_about.default\">\n\t\t\t\t<div class=\"elementor-widget-container\">\n\t\t\t\t\t\t\t<div class=\"sailo-about-section wpo-about-section\">\n\t\t\t<div class=\"container\">\n\t\t\t\t<div class=\"row\">\n\t\t\t\t\t<div class=\"col-lg-6 col-12\">\n\t\t\t\t\t\t\t\t\t\t\t\t\t<div class=\"about-left-image\">\n\t\t\t\t\t\t\t\t<img decoding=\"async\" src=\"https:\/\/greengoldtech.com\/wp-content\/uploads\/2026\/02\/GGT.png\" alt=\"\">\t\t\t\t\t\t\t\t<div class=\"ab-2\">\n\t\t\t\t\t\t\t\t\t\t\t\t\t\t\t\t\t<\/div>\n\t\t\t\t\t\t\t<\/div>\n\t\t\t\t\t\t\t\t\t\t\t\t\t\t\t\t\t\t\t\t\t\t\t<\/div>\n\t\t\t\t\t<div class=\"col-lg-6 col-12\">\n\t\t\t\t\t\t<div class=\"content\">\n\t\t\t\t\t\t\t<h2>Green Gold Tech<\/h2><h3>Green Gol Tech Nedir?<\/h3><p>Green Gold Tech, daha geni\u015f kapsaml\u0131 Green Gold giri\u015fiminin teknoloji b\u00f6l\u00fcm\u00fc veya inovasyon platformudur.<br \/>\u0130klim eylemini \u015feffaf, eri\u015filebilir ve \u00f6l\u00e7eklenebilir hale getirmek i\u00e7in yaz\u0131l\u0131m, veri, yapay zeka, blok zinciri ve ak\u0131ll\u0131 \u00f6l\u00e7\u00fcm ara\u00e7lar\u0131ndan yararlan\u0131yor.<\/p><p>\u00d6z\u00fcnde, Green Gold Tech \u00e7evresel etki i\u00e7in dijital altyap\u0131 olu\u015fturuyor; bu altyap\u0131, \u015firketlerin, bireylerin, h\u00fck\u00fcmetlerin ve proje geli\u015ftiricilerinin geli\u015fmi\u015f teknolojiyi kullanarak karbon ayak izlerini \u00f6l\u00e7melerine, raporlamalar\u0131na, do\u011frulamalar\u0131na, ticaretini yapmalar\u0131na ve azaltmalar\u0131na yard\u0131mc\u0131 olan ara\u00e7lar sunuyor.<\/p>\n\t\t\t\t\t\t\t\t\t\t\t\t\t\t\t<div class=\"ceo-content\">\n\t\t\t\t\t\t\t\t\t<div class=\"text\">\n\t\t\t\t\t\t\t\t\t\t\t\t\t\t\t\t\t\t\t<\/div>\n\t\t\t\t\t\t\t\t\t<div class=\"image\">\n\t\t\t\t\t\t\t\t\t\t\t\t\t\t\t\t\t\t\t<\/div>\n\t\t\t\t\t\t\t\t<\/div>\n\t\t\t\t\t\t\t\t\t\t\t\t\t\t\n\t\t\t\t\t\t<\/div>\n\t\t\t\t\t<\/div>\n\t\t\t\t<\/div>\n\t\t\t<\/div>\n\t\t<\/div>\n\n\t\t\t\t<\/div>\n\t\t\t\t<\/div>\n\t\t\t\t\t<\/div>\n\t\t\t\t<\/div>\n\t\t<div class=\"elementor-element elementor-element-9907daa e-con-full e-flex e-con e-parent\" data-id=\"9907daa\" data-element_type=\"container\" data-e-type=\"container\">\n\t\t\t\t<div class=\"elementor-element elementor-element-9b837e7 elementor-widget elementor-widget-wpo-sailo_service\" data-id=\"9b837e7\" data-element_type=\"widget\" data-e-type=\"widget\" data-settings=\"{&quot;service_bg&quot;:{&quot;url&quot;:&quot;https:\\\/\\\/greengoldtech.com\\\/wp-content\\\/plugins\\\/elementor\\\/assets\\\/images\\\/placeholder.png&quot;,&quot;id&quot;:&quot;&quot;,&quot;size&quot;:&quot;&quot;},&quot;service_shape&quot;:{&quot;url&quot;:&quot;https:\\\/\\\/greengoldtech.com\\\/wp-content\\\/plugins\\\/elementor\\\/assets\\\/images\\\/placeholder.png&quot;,&quot;id&quot;:&quot;&quot;,&quot;size&quot;:&quot;&quot;}}\" data-widget_type=\"wpo-sailo_service.default\">\n\t\t\t\t<div class=\"elementor-widget-container\">\n\t\t\t\t\t\r\n\t\t\t\t\t\t\t<div class=\"wpo-service-section\">\r\n\t\t\t\t\t<div class=\"service-wrap\">\r\n\t\t\t\t\t\t<div class=\"wpo-section-title\">\r\n\t\t\t\t\t\t\t<h2>Neler Sunuyoruz<\/h2><h3>Hizmetlerimiz<\/h3>\t\t\t\t\t\t<\/div>\r\n\t\t\t\t\t\t<div class=\"service-slider owl-carousel\">\r\n\t\t\t\t\t\t\t\t\t\t\t\t\t\t\t<div class=\"item\">\r\n\t\t\t\t\t\t\t\t\t<div class=\"image\">\r\n\t\t\t\t\t\t\t\t\t\t<img decoding=\"async\" src=\"https:\/\/greengoldtech.com\/wp-content\/uploads\/2024\/05\/Carbon-IQ-scaled.png\" alt=\"\">\t\t\t\t\t\t\t\t\t\t<span>01<\/span>\r\n\t\t\t\t\t\t\t\t\t\t<div class=\"line-one\"><\/div>\r\n\t\t\t\t\t\t\t\t\t\t<div class=\"line-two\"><\/div>\r\n\t\t\t\t\t\t\t\t\t<\/div>\r\n\t\t\t\t\t\t\t\t\t<div class=\"content\">\r\n\t\t\t\t\t\t\t\t\t\t<div class=\"icon\">\r\n\t\t\t\t\t\t\t\t\t\t\t\t\t\t\t\t\t\t\t\t\t<\/div>\r\n\t\t\t\t\t\t\t\t\t\t<h2><a href=\" https:\/\/greengoldtech.com\/tr\/service\/carbon-iq\/\">Carbon IQ<\/a><\/h2>\r\n\t\t\t\t\t\t\t\t\t\t<p>Innovative, sustainable designs shape our blending functionality and aesthetics for a better future.<\/p>\r\n\t\t\t\t\t\t\t\t\t<\/div>\r\n\t\t\t\t\t\t\t\t<\/div>\r\n\t\t\t\t\t\t\t\t\t\t\t\t\t\t\t<div class=\"item\">\r\n\t\t\t\t\t\t\t\t\t<div class=\"image\">\r\n\t\t\t\t\t\t\t\t\t\t<img decoding=\"async\" src=\"https:\/\/greengoldtech.com\/wp-content\/uploads\/2024\/05\/CBAM-scaled.png\" alt=\"\">\t\t\t\t\t\t\t\t\t\t<span>02<\/span>\r\n\t\t\t\t\t\t\t\t\t\t<div class=\"line-one\"><\/div>\r\n\t\t\t\t\t\t\t\t\t\t<div class=\"line-two\"><\/div>\r\n\t\t\t\t\t\t\t\t\t<\/div>\r\n\t\t\t\t\t\t\t\t\t<div class=\"content\">\r\n\t\t\t\t\t\t\t\t\t\t<div class=\"icon\">\r\n\t\t\t\t\t\t\t\t\t\t\t\t\t\t\t\t\t\t\t\t\t<\/div>\r\n\t\t\t\t\t\t\t\t\t\t<h2><a href=\" https:\/\/greengoldtech.com\/tr\/service\/cbam\/\">CBAM<\/a><\/h2>\r\n\t\t\t\t\t\t\t\t\t\t<p>Transform spaces with creative tiling and painting, enhancing aesthetics and functionality through.<\/p>\r\n\t\t\t\t\t\t\t\t\t<\/div>\r\n\t\t\t\t\t\t\t\t<\/div>\r\n\t\t\t\t\t\t\t\t\t\t\t\t\t\t\t<div class=\"item\">\r\n\t\t\t\t\t\t\t\t\t<div class=\"image\">\r\n\t\t\t\t\t\t\t\t\t\t<img decoding=\"async\" src=\"https:\/\/greengoldtech.com\/wp-content\/uploads\/2024\/05\/Emission-Scope-1-scaled.png\" alt=\"\">\t\t\t\t\t\t\t\t\t\t<span>03<\/span>\r\n\t\t\t\t\t\t\t\t\t\t<div class=\"line-one\"><\/div>\r\n\t\t\t\t\t\t\t\t\t\t<div class=\"line-two\"><\/div>\r\n\t\t\t\t\t\t\t\t\t<\/div>\r\n\t\t\t\t\t\t\t\t\t<div class=\"content\">\r\n\t\t\t\t\t\t\t\t\t\t<div class=\"icon\">\r\n\t\t\t\t\t\t\t\t\t\t\t\t\t\t\t\t\t\t\t\t\t<\/div>\r\n\t\t\t\t\t\t\t\t\t\t<h2><a href=\" https:\/\/greengoldtech.com\/tr\/service\/emission-scope-1\/\">Emission Scope 1<\/a><\/h2>\r\n\t\t\t\t\t\t\t\t\t\t<p>Extracting and refining petroleum fuels global energy needs, driving economies, while facing environmental<\/p>\r\n\t\t\t\t\t\t\t\t\t<\/div>\r\n\t\t\t\t\t\t\t\t<\/div>\r\n\t\t\t\t\t\t\t\t\t\t\t\t\t\t\t<div class=\"item\">\r\n\t\t\t\t\t\t\t\t\t<div class=\"image\">\r\n\t\t\t\t\t\t\t\t\t\t<img decoding=\"async\" src=\"https:\/\/greengoldtech.com\/wp-content\/uploads\/2024\/05\/Emission-Scope-2-scaled.png\" alt=\"\">\t\t\t\t\t\t\t\t\t\t<span>04<\/span>\r\n\t\t\t\t\t\t\t\t\t\t<div class=\"line-one\"><\/div>\r\n\t\t\t\t\t\t\t\t\t\t<div class=\"line-two\"><\/div>\r\n\t\t\t\t\t\t\t\t\t<\/div>\r\n\t\t\t\t\t\t\t\t\t<div class=\"content\">\r\n\t\t\t\t\t\t\t\t\t\t<div class=\"icon\">\r\n\t\t\t\t\t\t\t\t\t\t\t\t\t\t\t\t\t\t\t\t\t<\/div>\r\n\t\t\t\t\t\t\t\t\t\t<h2><a href=\" https:\/\/greengoldtech.com\/tr\/service\/emission-scope-2\/\">Emission Scope 2<\/a><\/h2>\r\n\t\t\t\t\t\t\t\t\t\t<p>Crucial for growth, these sectors innovate with renewables and technology to ensure sustainable<\/p>\r\n\t\t\t\t\t\t\t\t\t<\/div>\r\n\t\t\t\t\t\t\t\t<\/div>\r\n\t\t\t\t\t\t\t\t\t\t\t\t\t\t\t<div class=\"item\">\r\n\t\t\t\t\t\t\t\t\t<div class=\"image\">\r\n\t\t\t\t\t\t\t\t\t\t<img decoding=\"async\" src=\"https:\/\/greengoldtech.com\/wp-content\/uploads\/2026\/02\/Emission-Scope-3-scaled.png\" alt=\"\">\t\t\t\t\t\t\t\t\t\t<span>05<\/span>\r\n\t\t\t\t\t\t\t\t\t\t<div class=\"line-one\"><\/div>\r\n\t\t\t\t\t\t\t\t\t\t<div class=\"line-two\"><\/div>\r\n\t\t\t\t\t\t\t\t\t<\/div>\r\n\t\t\t\t\t\t\t\t\t<div class=\"content\">\r\n\t\t\t\t\t\t\t\t\t\t<div class=\"icon\">\r\n\t\t\t\t\t\t\t\t\t\t\t\t\t\t\t\t\t\t\t\t\t<\/div>\r\n\t\t\t\t\t\t\t\t\t\t<h2><a href=\" https:\/\/greengoldtech.com\/tr\/service\/emission-scope-3\/\">Emission Scope 3<\/a><\/h2>\r\n\t\t\t\t\t\t\t\t\t\t<p>Crucial for growth, these sectors innovate with renewables and technology to ensure sustainable<\/p>\r\n\t\t\t\t\t\t\t\t\t<\/div>\r\n\t\t\t\t\t\t\t\t<\/div>\r\n\t\t\t\t\t\t\t\t\t\t\t\t\t\t\t<div class=\"item\">\r\n\t\t\t\t\t\t\t\t\t<div class=\"image\">\r\n\t\t\t\t\t\t\t\t\t\t<img decoding=\"async\" src=\"https:\/\/greengoldtech.com\/wp-content\/uploads\/2026\/02\/Emissions-Monitoring-scaled.png\" alt=\"\">\t\t\t\t\t\t\t\t\t\t<span>06<\/span>\r\n\t\t\t\t\t\t\t\t\t\t<div class=\"line-one\"><\/div>\r\n\t\t\t\t\t\t\t\t\t\t<div class=\"line-two\"><\/div>\r\n\t\t\t\t\t\t\t\t\t<\/div>\r\n\t\t\t\t\t\t\t\t\t<div class=\"content\">\r\n\t\t\t\t\t\t\t\t\t\t<div class=\"icon\">\r\n\t\t\t\t\t\t\t\t\t\t\t\t\t\t\t\t\t\t\t\t\t<\/div>\r\n\t\t\t\t\t\t\t\t\t\t<h2><a href=\" https:\/\/greengoldtech.com\/tr\/service\/emissions-monitoring\/\">Emissions Monitoring<\/a><\/h2>\r\n\t\t\t\t\t\t\t\t\t\t<p>Crucial for growth, these sectors innovate with renewables and technology to ensure sustainable<\/p>\r\n\t\t\t\t\t\t\t\t\t<\/div>\r\n\t\t\t\t\t\t\t\t<\/div>\r\n\t\t\t\t\t\t\t\t\t\t\t\t\t\t\t<div class=\"item\">\r\n\t\t\t\t\t\t\t\t\t<div class=\"image\">\r\n\t\t\t\t\t\t\t\t\t\t<img decoding=\"async\" src=\"https:\/\/greengoldtech.com\/wp-content\/uploads\/2026\/02\/structured-evaluation-and-management-scaled.png\" alt=\"\">\t\t\t\t\t\t\t\t\t\t<span>07<\/span>\r\n\t\t\t\t\t\t\t\t\t\t<div class=\"line-one\"><\/div>\r\n\t\t\t\t\t\t\t\t\t\t<div class=\"line-two\"><\/div>\r\n\t\t\t\t\t\t\t\t\t<\/div>\r\n\t\t\t\t\t\t\t\t\t<div class=\"content\">\r\n\t\t\t\t\t\t\t\t\t\t<div class=\"icon\">\r\n\t\t\t\t\t\t\t\t\t\t\t\t\t\t\t\t\t\t\t\t\t<\/div>\r\n\t\t\t\t\t\t\t\t\t\t<h2><a href=\" https:\/\/greengoldtech.com\/tr\/service\/esg\/\">ESG<\/a><\/h2>\r\n\t\t\t\t\t\t\t\t\t\t<p>Crucial for growth, these sectors innovate with renewables and technology to ensure sustainable<\/p>\r\n\t\t\t\t\t\t\t\t\t<\/div>\r\n\t\t\t\t\t\t\t\t<\/div>\r\n\t\t\t\t\t\t\t\r\n\t\t\t\t\t\t<\/div>\r\n\t\t\t\t\t<\/div>\r\n\t\t\t\t<\/div>\r\n\t\t\t\t\t\t\r\n\t\t\t\r\n\t\t\t\t<\/div>\n\t\t\t\t<\/div>\n\t\t\t\t<\/div>\n\t\t<div class=\"elementor-element elementor-element-4b4598c e-flex e-con-boxed e-con e-parent\" data-id=\"4b4598c\" data-element_type=\"container\" data-e-type=\"container\">\n\t\t\t\t\t<div class=\"e-con-inner\">\n\t\t\t\t<div class=\"elementor-element elementor-element-fd858b0 elementor-widget elementor-widget-spacer\" data-id=\"fd858b0\" data-element_type=\"widget\" data-e-type=\"widget\" data-widget_type=\"spacer.default\">\n\t\t\t\t\t\t\t<div class=\"elementor-spacer\">\n\t\t\t<div class=\"elementor-spacer-inner\"><\/div>\n\t\t<\/div>\n\t\t\t\t\t\t<\/div>\n\t\t\t\t\t<\/div>\n\t\t\t\t<\/div>\n\t\t<div class=\"elementor-element elementor-element-c47dfb0 e-con-full e-flex e-con e-parent\" data-id=\"c47dfb0\" data-element_type=\"container\" data-e-type=\"container\" data-settings=\"{&quot;background_background&quot;:&quot;classic&quot;}\">\n\t\t\t\t<div class=\"elementor-element elementor-element-23ec046 elementor-widget elementor-widget-wpo-sailo_title\" data-id=\"23ec046\" data-element_type=\"widget\" data-e-type=\"widget\" data-widget_type=\"wpo-sailo_title.default\">\n\t\t\t\t<div class=\"elementor-widget-container\">\n\t\t\t\t\t\n\t\t\t\t\t<div class=\"wpo-section-wrap\">\n\t\t\t\t<div class=\"container\">\n\t\t\t\t\t<div class=\"sailo-section-title wpo-section-title\">\n\t\t\t\t\t\t<h2>Blog<\/h2><h3>Makaleler<\/h3>\t\t\t\t\t<\/div>\n\t\t\t\t<\/div>\n\t\t\t<\/div>\n\t\t\t\t\t\t<\/div>\n\t\t\t\t<\/div>\n\t\t\t\t<\/div>\n\t\t<div class=\"elementor-element elementor-element-4d3019b e-con-full e-flex e-con e-parent\" data-id=\"4d3019b\" data-element_type=\"container\" data-e-type=\"container\" data-settings=\"{&quot;background_background&quot;:&quot;classic&quot;}\">\n\t\t\t\t<div class=\"elementor-element elementor-element-5d4db5b elementor-widget elementor-widget-wpo-sailo_blog\" data-id=\"5d4db5b\" data-element_type=\"widget\" data-e-type=\"widget\" data-widget_type=\"wpo-sailo_blog.default\">\n\t\t\t\t<div class=\"elementor-widget-container\">\n\t\t\t\t\t\n\t\t<div class=\"wpo-blog-section\">\n\t\t\t<div class=\"container\">\n\t\t\t\t<div class=\"row\">\n\t\t\t\t\t\t\t\t\t\t\t\t<div class=\"col-lg-4 col-md-6 col-12\">\n\t\t\t\t\t\t\t\t<div class=\"blog-card\">\n\t\t\t\t\t\t\t\t\t<div class=\"image\">\n\t\t\t\t\t\t\t\t\t\t\t\t\t\t\t\t\t\t\t\t\t<img decoding=\"async\" src=\"https:\/\/greengoldtech.com\/wp-content\/uploads\/2022\/10\/How-Carbon-Neutral-Solutions-Are-Reshaping-the-Future-of-Sustainable-Business-scaled.png\" alt=\"How Carbon Neutral Solutions Are Reshaping the Future of Sustainable Business\">\n\t\t\t\t\t\t\t\t\t\t\t\t\t\t\t\t\t\t\t<\/div>\n\t\t\t\t\t\t\t\t\t<div class=\"content\">\n\t\t\t\t\t\t\t\t\t\t<ul>\n\t\t\t\t\t\t\t\t\t\t\t\t\t\t\t\t\t\t\t\t\t\t\t\t\t\t\t\t\t\t\t\t<\/ul>\n\t\t\t\t\t\t\t\t\t\t<h2>\n\t\t\t\t\t\t\t\t\t\t\t<a href=\"https:\/\/greengoldtech.com\/tr\/how-carbon-neutral-solutions-are-reshaping-the-future-of-sustainable-business\/\">\n\t\t\t\t\t\t\t\t\t\t\t\tHow Carbon Neutral Solutions Are Reshaping the Future of Sustainable Business\t\t\t\t\t\t\t\t\t\t\t<\/a>\n\t\t\t\t\t\t\t\t\t\t<\/h2>\n\t\t\t\t\t\t\t\t\t\t<p>As climate change accelerates and regulatory frameworks tighten across global markets, sustainability is no longer a <\/p>\n\t\t\t\t\t\t\t\t\t\t<a href=\"https:\/\/greengoldtech.com\/tr\/how-carbon-neutral-solutions-are-reshaping-the-future-of-sustainable-business\/\" class=\"more\">Read More <i class=\"ti-arrow-right\"><\/i><\/a>\n\t\t\t\t\t\t\t\t\t<\/div>\n\t\t\t\t\t\t\t\t<\/div>\n\t\t\t\t\t\t\t<\/div>\n\t\t\t\t\t\t\t\t\t\t\t\t\t<div class=\"col-lg-4 col-md-6 col-12\">\n\t\t\t\t\t\t\t\t<div class=\"blog-card\">\n\t\t\t\t\t\t\t\t\t<div class=\"image\">\n\t\t\t\t\t\t\t\t\t\t\t\t\t\t\t\t\t\t\t\t\t<img decoding=\"async\" src=\"https:\/\/greengoldtech.com\/wp-content\/uploads\/2022\/10\/From-Carbon-Footprint-to-Carbon-Neutral-scaled.png\" alt=\"\">\n\t\t\t\t\t\t\t\t\t\t\t\t\t\t\t\t\t\t\t<\/div>\n\t\t\t\t\t\t\t\t\t<div class=\"content\">\n\t\t\t\t\t\t\t\t\t\t<ul>\n\t\t\t\t\t\t\t\t\t\t\t\t\t\t\t\t\t\t\t\t\t\t\t\t\t\t\t\t\t\t\t\t<\/ul>\n\t\t\t\t\t\t\t\t\t\t<h2>\n\t\t\t\t\t\t\t\t\t\t\t<a href=\"https:\/\/greengoldtech.com\/tr\/from-carbon-footprint-to-carbon-neutral-a-practical-guide-for-modern-companies\/\">\n\t\t\t\t\t\t\t\t\t\t\t\tFrom Carbon Footprint to Carbon Neutral: A Practical Guide for Modern Companies\t\t\t\t\t\t\t\t\t\t\t<\/a>\n\t\t\t\t\t\t\t\t\t\t<\/h2>\n\t\t\t\t\t\t\t\t\t\t<p>As environmental accountability becomes a central component of corporate governance, organizations are under increasing pressure to <\/p>\n\t\t\t\t\t\t\t\t\t\t<a href=\"https:\/\/greengoldtech.com\/tr\/from-carbon-footprint-to-carbon-neutral-a-practical-guide-for-modern-companies\/\" class=\"more\">Read More <i class=\"ti-arrow-right\"><\/i><\/a>\n\t\t\t\t\t\t\t\t\t<\/div>\n\t\t\t\t\t\t\t\t<\/div>\n\t\t\t\t\t\t\t<\/div>\n\t\t\t\t\t\t\t\t\t\t\t\t\t<div class=\"col-lg-4 col-md-6 col-12\">\n\t\t\t\t\t\t\t\t<div class=\"blog-card\">\n\t\t\t\t\t\t\t\t\t<div class=\"image\">\n\t\t\t\t\t\t\t\t\t\t\t\t\t\t\t\t\t\t\t\t\t<img decoding=\"async\" src=\"https:\/\/greengoldtech.com\/wp-content\/uploads\/2022\/10\/Why-Carbon-Offsetting-Alone-Is-Not-Enough-scaled.png\" alt=\"\">\n\t\t\t\t\t\t\t\t\t\t\t\t\t\t\t\t\t\t\t<\/div>\n\t\t\t\t\t\t\t\t\t<div class=\"content\">\n\t\t\t\t\t\t\t\t\t\t<ul>\n\t\t\t\t\t\t\t\t\t\t\t\t\t\t\t\t\t\t\t\t\t\t\t\t\t\t\t\t\t\t\t\t<\/ul>\n\t\t\t\t\t\t\t\t\t\t<h2>\n\t\t\t\t\t\t\t\t\t\t\t<a href=\"https:\/\/greengoldtech.com\/tr\/why-carbon-offsetting-alone-is-not-enough-the-smart-approach-to-net-zero\/\">\n\t\t\t\t\t\t\t\t\t\t\t\tWhy Carbon Offsetting Alone Is Not Enough: The Smart Approach to Net-Zero\t\t\t\t\t\t\t\t\t\t\t<\/a>\n\t\t\t\t\t\t\t\t\t\t<\/h2>\n\t\t\t\t\t\t\t\t\t\t<p>As climate commitments intensify across industries, many organizations have turned to carbon offsetting as a means <\/p>\n\t\t\t\t\t\t\t\t\t\t<a href=\"https:\/\/greengoldtech.com\/tr\/why-carbon-offsetting-alone-is-not-enough-the-smart-approach-to-net-zero\/\" class=\"more\">Read More <i class=\"ti-arrow-right\"><\/i><\/a>\n\t\t\t\t\t\t\t\t\t<\/div>\n\t\t\t\t\t\t\t\t<\/div>\n\t\t\t\t\t\t\t<\/div>\n\t\t\t\t\t\t\n\t\t\t\t<\/div>\n\t\t\t<\/div>\n\t\t<\/div>\n\t\t\t\t<\/div>\n\t\t\t\t<\/div>\n\t\t\t\t<\/div>\n\t\t\t\t<\/div>","protected":false},"excerpt":{"rendered":"Green Gold Tech Green Gold Tech aims to neutralize carbon emission all around the world Contact Green Gold Tech \ud83c\udf3f What is Green Gold Tech? Green Gold Tech is the technology division or innovation platform of the broader Green Gold initiativeIt leverages software, data, AI, blockchain, and smart measurement tools to make climate action transparent,","protected":false},"author":1,"featured_media":0,"parent":0,"menu_order":0,"comment_status":"closed","ping_status":"closed","template":"elementor_header_footer","meta":{"inline_featured_image":false,"footnotes":""},"class_list":["post-3108","page","type-page","status-publish","hentry"],"_links":{"self":[{"href":"https:\/\/greengoldtech.com\/tr\/wp-json\/wp\/v2\/pages\/3108","targetHints":{"allow":["GET"]}}],"collection":[{"href":"https:\/\/greengoldtech.com\/tr\/wp-json\/wp\/v2\/pages"}],"about":[{"href":"https:\/\/greengoldtech.com\/tr\/wp-json\/wp\/v2\/types\/page"}],"author":[{"embeddable":true,"href":"https:\/\/greengoldtech.com\/tr\/wp-json\/wp\/v2\/users\/1"}],"replies":[{"embeddable":true,"href":"https:\/\/greengoldtech.com\/tr\/wp-json\/wp\/v2\/comments?post=3108"}],"version-history":[{"count":79,"href":"https:\/\/greengoldtech.com\/tr\/wp-json\/wp\/v2\/pages\/3108\/revisions"}],"predecessor-version":[{"id":3469,"href":"https:\/\/greengoldtech.com\/tr\/wp-json\/wp\/v2\/pages\/3108\/revisions\/3469"}],"wp:attachment":[{"href":"https:\/\/greengoldtech.com\/tr\/wp-json\/wp\/v2\/media?parent=3108"}],"curies":[{"name":"wp","href":"https:\/\/api.w.org\/{rel}","templated":true}]}}